{"id":99,"date":"2017-09-24T09:26:21","date_gmt":"2017-09-24T08:26:21","guid":{"rendered":"http:\/\/hebergement.u-psud.fr\/reseau.di\/?page_id=99"},"modified":"2024-02-26T21:10:09","modified_gmt":"2024-02-26T20:10:09","slug":"terminaux","status":"publish","type":"page","link":"https:\/\/reseau.dsi.universite-paris-saclay.fr\/?page_id=99","title":{"rendered":"Terminaux"},"content":{"rendered":"<p>A l&rsquo;heure actuelle, les commandes de t\u00e9l\u00e9phones fixes ne sont plus possibles, dans le cadre d&rsquo;une migration vers Jabber de l&rsquo;ensemble des postes. Merci de vous rapprocher de la DSI en d\u00e9posant un ticket sur la plate-forme d&rsquo;assistance \u00e0 l&rsquo;adresse <a href=\"https:\/\/sos.dsi.universite-paris-saclay.fr\/\">https:\/\/sos.dsi.universite-paris-saclay.fr\/<\/a> si besoin.<\/p>\n<p><del>Le syst\u00e8me de t\u00e9l\u00e9phonie a \u00e9t\u00e9 mis \u00e0 jour en avril 2017. Le catalogue des terminaux t\u00e9l\u00e9phoniques a \u00e9volu\u00e9 et peut \u00eatre consult\u00e9 ici :<\/del><\/p>\n<p><del>Catalogue des terminaux t\u00e9l\u00e9phoniques 2018<\/del><\/p>\n<p><del>Pour toute demande de devis, merci de d\u00e9poser une demande d&rsquo;assistance sur la plate-forme \u00e0 l&rsquo;adresse <a href=\"https:\/\/sos.di.u-psud.fr\/\">https:\/\/sos.di.u-psud.fr\/<\/a>.<\/del><\/p>\n","protected":false},"excerpt":{"rendered":"<p>A l&rsquo;heure actuelle, les commandes de t\u00e9l\u00e9phones fixes ne sont plus possibles, dans le cadre d&rsquo;une migration vers Jabber de l&rsquo;ensemble des postes. Merci de vous rapprocher de la DSI en d\u00e9posant un ticket sur la plate-forme d&rsquo;assistance \u00e0 l&rsquo;adresse &hellip; <a href=\"https:\/\/reseau.dsi.universite-paris-saclay.fr\/?page_id=99\">Continuer la lecture <span class=\"meta-nav\">&rarr;<\/span><\/a><\/p>\n","protected":false},"author":1,"featured_media":0,"parent":97,"menu_order":0,"comment_status":"closed","ping_status":"closed","template":"","meta":{"footnotes":""},"class_list":["post-99","page","type-page","status-publish","hentry"],"_links":{"self":[{"href":"https:\/\/reseau.dsi.universite-paris-saclay.fr\/index.php?rest_route=\/wp\/v2\/pages\/99","targetHints":{"allow":["GET"]}}],"collection":[{"href":"https:\/\/reseau.dsi.universite-paris-saclay.fr\/index.php?rest_route=\/wp\/v2\/pages"}],"about":[{"href":"https:\/\/reseau.dsi.universite-paris-saclay.fr\/index.php?rest_route=\/wp\/v2\/types\/page"}],"author":[{"embeddable":true,"href":"https:\/\/reseau.dsi.universite-paris-saclay.fr\/index.php?rest_route=\/wp\/v2\/users\/1"}],"replies":[{"embeddable":true,"href":"https:\/\/reseau.dsi.universite-paris-saclay.fr\/index.php?rest_route=%2Fwp%2Fv2%2Fcomments&post=99"}],"version-history":[{"count":3,"href":"https:\/\/reseau.dsi.universite-paris-saclay.fr\/index.php?rest_route=\/wp\/v2\/pages\/99\/revisions"}],"predecessor-version":[{"id":336,"href":"https:\/\/reseau.dsi.universite-paris-saclay.fr\/index.php?rest_route=\/wp\/v2\/pages\/99\/revisions\/336"}],"up":[{"embeddable":true,"href":"https:\/\/reseau.dsi.universite-paris-saclay.fr\/index.php?rest_route=\/wp\/v2\/pages\/97"}],"wp:attachment":[{"href":"https:\/\/reseau.dsi.universite-paris-saclay.fr\/index.php?rest_route=%2Fwp%2Fv2%2Fmedia&parent=99"}],"curies":[{"name":"wp","href":"https:\/\/api.w.org\/{rel}","templated":true}]}}