{"id":97,"date":"2017-09-24T09:15:25","date_gmt":"2017-09-24T08:15:25","guid":{"rendered":"http:\/\/hebergement.u-psud.fr\/reseau.di\/?page_id=97"},"modified":"2024-02-26T21:07:30","modified_gmt":"2024-02-26T20:07:30","slug":"telephonie-fixe","status":"publish","type":"page","link":"https:\/\/reseau.dsi.universite-paris-saclay.fr\/?page_id=97","title":{"rendered":"T\u00e9l\u00e9phonie fixe"},"content":{"rendered":"<p>Depuis 2007, l&rsquo;universit\u00e9 a mis en place un syst\u00e8me de t\u00e9l\u00e9phonie sur IP (ToIP) : le r\u00e9seau t\u00e9l\u00e9phonique utilise la m\u00eame infrastructure que le r\u00e9seau informatique. Cela permet de mutualiser les ressources et donc de r\u00e9duire les co\u00fbts.<\/p>\n<p>Depuis 2021, la mise en place progressive de l&rsquo;outil <a href=\"http:\/\/reseau.dsi.universite-paris-saclay.fr\/?page_id=273\">Cisco Jabber<\/a> permet d&rsquo;utiliser son ordinateur pour passer des appels avec sa ligne fixe, avec un ensemble casque-micro. Outre l&rsquo;avantage de b\u00e9n\u00e9ficier de sa ligne fixe pour le t\u00e9l\u00e9travail, l&rsquo;utilisation du t\u00e9l\u00e9phone sur ordinateur permet d&rsquo;\u00e9conomiser l&rsquo;achat de nouveaux t\u00e9l\u00e9phones IP, et de r\u00e9duire la consommation \u00e9lectrique.<\/p>\n<p>Le syst\u00e8me de t\u00e9l\u00e9phonie comprend un service de messagerie vocale unifi\u00e9e : vous pouvez lire vos messages vocaux \u00e0 partir de votre messagerie \u00e9lectronique ou \u00e0 partir de votre t\u00e9l\u00e9phone.<\/p>\n<p>La mission du p\u00f4le r\u00e9seau est d&rsquo;administrer l&rsquo;ensemble du syst\u00e8me de t\u00e9l\u00e9phonie, et notamment :<\/p>\n<ul>\n<li>Administrer et maintenir les serveurs de t\u00e9l\u00e9phonie et de messagerie vocale.<\/li>\n<li>Faire \u00e9voluer l&rsquo;infrastructure et int\u00e9grer de nouveaux services.<\/li>\n<li>Assurer l&rsquo;interconnexion de la t\u00e9l\u00e9phonie avec le syst\u00e8me d&rsquo;information (Adonis, &#8230;).<\/li>\n<li>Assister les correspondants t\u00e9l\u00e9phonie pour l&rsquo;installation et la configuration des t\u00e9l\u00e9phones.<\/li>\n<\/ul>\n<p>Plus de 7000 lignes t\u00e9l\u00e9phoniques et 3500 boites vocales sont g\u00e9r\u00e9es par l&rsquo;\u00e9quipe t\u00e9l\u00e9phonie.<\/p>\n<p>Vous pouvez consulter :<\/p>\n<ul>\n<li><a href=\"http:\/\/reseau.dsi.universite-paris-saclay.fr\/?page_id=99\">la liste des t\u00e9l\u00e9phones IP disponibles<\/a><\/li>\n<li><a href=\"http:\/\/reseau.dsi.universite-paris-saclay.fr\/?page_id=104\">les documentations d&rsquo;utilisation des services de t\u00e9l\u00e9phonie IP<\/a><\/li>\n<\/ul>\n\n\n<p><\/p>\n","protected":false},"excerpt":{"rendered":"<p>Depuis 2007, l&rsquo;universit\u00e9 a mis en place un syst\u00e8me de t\u00e9l\u00e9phonie sur IP (ToIP) : le r\u00e9seau t\u00e9l\u00e9phonique utilise la m\u00eame infrastructure que le r\u00e9seau informatique. Cela permet de mutualiser les ressources et donc de r\u00e9duire les co\u00fbts. Depuis 2021, &hellip; <a href=\"https:\/\/reseau.dsi.universite-paris-saclay.fr\/?page_id=97\">Continuer la lecture <span class=\"meta-nav\">&rarr;<\/span><\/a><\/p>\n","protected":false},"author":1,"featured_media":0,"parent":0,"menu_order":0,"comment_status":"closed","ping_status":"closed","template":"","meta":{"footnotes":""},"class_list":["post-97","page","type-page","status-publish","hentry"],"_links":{"self":[{"href":"https:\/\/reseau.dsi.universite-paris-saclay.fr\/index.php?rest_route=\/wp\/v2\/pages\/97","targetHints":{"allow":["GET"]}}],"collection":[{"href":"https:\/\/reseau.dsi.universite-paris-saclay.fr\/index.php?rest_route=\/wp\/v2\/pages"}],"about":[{"href":"https:\/\/reseau.dsi.universite-paris-saclay.fr\/index.php?rest_route=\/wp\/v2\/types\/page"}],"author":[{"embeddable":true,"href":"https:\/\/reseau.dsi.universite-paris-saclay.fr\/index.php?rest_route=\/wp\/v2\/users\/1"}],"replies":[{"embeddable":true,"href":"https:\/\/reseau.dsi.universite-paris-saclay.fr\/index.php?rest_route=%2Fwp%2Fv2%2Fcomments&post=97"}],"version-history":[{"count":6,"href":"https:\/\/reseau.dsi.universite-paris-saclay.fr\/index.php?rest_route=\/wp\/v2\/pages\/97\/revisions"}],"predecessor-version":[{"id":335,"href":"https:\/\/reseau.dsi.universite-paris-saclay.fr\/index.php?rest_route=\/wp\/v2\/pages\/97\/revisions\/335"}],"wp:attachment":[{"href":"https:\/\/reseau.dsi.universite-paris-saclay.fr\/index.php?rest_route=%2Fwp%2Fv2%2Fmedia&parent=97"}],"curies":[{"name":"wp","href":"https:\/\/api.w.org\/{rel}","templated":true}]}}