{"id":9,"date":"2017-09-22T21:38:17","date_gmt":"2017-09-22T20:38:17","guid":{"rendered":"http:\/\/hebergement.u-psud.fr\/reseau.di\/?page_id=9"},"modified":"2024-02-26T21:06:25","modified_gmt":"2024-02-26T20:06:25","slug":"accueil","status":"publish","type":"page","link":"https:\/\/reseau.dsi.universite-paris-saclay.fr\/","title":{"rendered":"Accueil"},"content":{"rendered":"<p>Le p\u00f4le Infrastructures R\u00e9seaux et T\u00e9l\u00e9coms (IRET) de la DSI de l\u2019Universit\u00e9 Paris-Saclay a pour charge toutes les t\u00e2ches d\u2019installation, de gestion et d\u2019\u00e9volution du r\u00e9seau informatique.<\/p>\n<p><strong>Missions<\/strong><\/p>\n<ul>\n<li>Raccorder les diff\u00e9rents b\u00e2timents, unit\u00e9s, services de l&rsquo;Universit\u00e9, de m\u00eame que les associations, les startups pr\u00e9sentes sur les campus et de fournir tous les services n\u00e9cessaires pour permettre aux utilisateurs d&rsquo;acc\u00e9der au r\u00e9seau et \u00e0 Internet.<\/li>\n<li>Superviser et de faire \u00e9voluer les infrastructures physiques et des \u00e9quipements raccordant les utilisateurs (fibres optiques, \u00e9quipements actifs&#8230;)<\/li>\n<li>Appliquer la politique de s\u00e9curit\u00e9 de l&rsquo;\u00e9tablissement au niveau du r\u00e9seau informatique.<\/li>\n<li>G\u00e9rer le r\u00e9seau de collecte PLANET de l&rsquo;Universit\u00e9 Paris-Saclay qui assure la fourniture des services r\u00e9seaux aux partenaires de l&rsquo;Universit\u00e9 et l&rsquo;h\u00e9bergement des noeuds r\u00e9seaux r\u00e9gionaux RENATER et RUBIS.<\/li>\n<li>G\u00e9rer le r\u00e9seau num\u00e9rique Paris-Saclay de collecte des \u00e9tablissements d&rsquo;enseignement et de recherche du Plateau de Saclay, et assurer le raccordement de tous les partenaires de l&rsquo;Universit\u00e9 (CROUS, CNRS, CEA, IHES, INRIA, CentraleSupelec, ENS, IOGS, INSERM&#8230;) au r\u00e9seau Renater.<\/li>\n<\/ul>\n<p>Le r\u00e9seau de l\u2019Universit\u00e9 est compos\u00e9 de plus de 30000kms de fibre optique noire, d\u2019environ 1500 \u00e9quipements actifs dans plus de 200 locaux techniques r\u00e9partis sur une dizaine de sites, 1000 bornes wifi et 7000 t\u00e9l\u00e9phones.<\/p>\n<p><strong>Services fournis<\/strong><\/p>\n<ul>\n<li>Raccordement de b\u00e2timents et sites au r\u00e9seau de l&rsquo;Universit\u00e9 (fibre optique)<\/li>\n<li>Connexion des usagers (personnels, \u00e9tudiants, associations, partenaires&#8230;) au r\u00e9seau filaire et <a href=\"http:\/\/reseau.dsi.universite-paris-saclay.fr\/?page_id=25\">Wifi<\/a><\/li>\n<li><a href=\"http:\/\/reseau.dsi.universite-paris-saclay.fr\/?page_id=220\">T\u00e9l\u00e9phone IP<\/a><\/li>\n<li>Services r\u00e9seaux centralis\u00e9s (IPAM\/DNS\/DHCP\/Radius) avec d\u00e9l\u00e9gation de gestion<\/li>\n<li>Transport et\/ou routage de r\u00e9seaux en point \u00e0 point ou site \u00e0 site<\/li>\n<\/ul>\n\n\n<p><\/p>\n","protected":false},"excerpt":{"rendered":"<p>Le p\u00f4le Infrastructures R\u00e9seaux et T\u00e9l\u00e9coms (IRET) de la DSI de l\u2019Universit\u00e9 Paris-Saclay a pour charge toutes les t\u00e2ches d\u2019installation, de gestion et d\u2019\u00e9volution du r\u00e9seau informatique. Missions Raccorder les diff\u00e9rents b\u00e2timents, unit\u00e9s, services de l&rsquo;Universit\u00e9, de m\u00eame que les &hellip; <a href=\"https:\/\/reseau.dsi.universite-paris-saclay.fr\/\">Continuer la lecture <span class=\"meta-nav\">&rarr;<\/span><\/a><\/p>\n","protected":false},"author":1,"featured_media":0,"parent":0,"menu_order":0,"comment_status":"closed","ping_status":"closed","template":"","meta":{"footnotes":""},"class_list":["post-9","page","type-page","status-publish","hentry"],"_links":{"self":[{"href":"https:\/\/reseau.dsi.universite-paris-saclay.fr\/index.php?rest_route=\/wp\/v2\/pages\/9","targetHints":{"allow":["GET"]}}],"collection":[{"href":"https:\/\/reseau.dsi.universite-paris-saclay.fr\/index.php?rest_route=\/wp\/v2\/pages"}],"about":[{"href":"https:\/\/reseau.dsi.universite-paris-saclay.fr\/index.php?rest_route=\/wp\/v2\/types\/page"}],"author":[{"embeddable":true,"href":"https:\/\/reseau.dsi.universite-paris-saclay.fr\/index.php?rest_route=\/wp\/v2\/users\/1"}],"replies":[{"embeddable":true,"href":"https:\/\/reseau.dsi.universite-paris-saclay.fr\/index.php?rest_route=%2Fwp%2Fv2%2Fcomments&post=9"}],"version-history":[{"count":10,"href":"https:\/\/reseau.dsi.universite-paris-saclay.fr\/index.php?rest_route=\/wp\/v2\/pages\/9\/revisions"}],"predecessor-version":[{"id":334,"href":"https:\/\/reseau.dsi.universite-paris-saclay.fr\/index.php?rest_route=\/wp\/v2\/pages\/9\/revisions\/334"}],"wp:attachment":[{"href":"https:\/\/reseau.dsi.universite-paris-saclay.fr\/index.php?rest_route=%2Fwp%2Fv2%2Fmedia&parent=9"}],"curies":[{"name":"wp","href":"https:\/\/api.w.org\/{rel}","templated":true}]}}