{"id":81,"date":"2017-09-23T23:52:23","date_gmt":"2017-09-23T22:52:23","guid":{"rendered":"http:\/\/hebergement.u-psud.fr\/reseau.di\/?page_id=81"},"modified":"2025-10-24T12:56:43","modified_gmt":"2025-10-24T11:56:43","slug":"colloques","status":"publish","type":"page","link":"https:\/\/reseau.dsi.universite-paris-saclay.fr\/?page_id=81","title":{"rendered":"R\u00e9seau Wifi Colloques"},"content":{"rendered":"<p>Le r\u00e9seau Wi-Fi <em><strong>colloques<\/strong> <\/em>est mis \u00e0 disposition des personnes ext\u00e9rieures \u00e0 l&rsquo;Universit\u00e9 ou ne disposant pas de compte rattach\u00e9 \u00e0 la f\u00e9d\u00e9ration d&rsquo;identit\u00e9 RENATER. Il donne l&rsquo;acc\u00e8s uniquement \u00e0 Internet via un portail captif lors d&rsquo;\u00e9v\u00e9nements.<\/p>\n<p>Pour vous connecter au r\u00e9seau Wi-Fi <strong><em>colloques<\/em><\/strong>, vous trouverez ci-dessous la documentation :<\/p>\n<ul>\n<li><a href=\"https:\/\/reseau.dsi.universite-paris-saclay.fr\/wp-content\/uploads\/2025\/10\/procedure_wifi_colloques-francais.pdf\">Proc\u00e9dure d&rsquo;acc\u00e8s au wifi \u00ab\u00a0colloques\u00a0\u00bb<\/a><\/li>\n<li><a href=\"https:\/\/reseau.dsi.universite-paris-saclay.fr\/wp-content\/uploads\/2025\/10\/procedure_wifi_colloques-english.pdf\">Proc\u00e9dure d&rsquo;acc\u00e8s au wifi \u00ab\u00a0colloques\u00a0\u00bb (version anglaise)<\/a><\/li>\n<\/ul>\n<p>Si vous souhaitez disposer du r\u00e9seau Wi-Fi <strong><em>colloques <\/em><\/strong>pour un \u00e9v\u00e9nement sp\u00e9cifique, vous trouverez ci-dessous le formulaire \u00e0 compl\u00e9ter pour en demander la mise en place :<\/p>\n<ul>\n<li><a href=\"https:\/\/reseau.dsi.universite-paris-saclay.fr\/wp-content\/uploads\/2025\/10\/formulaire_wifi_colloques-2025.pdf\">Formulaire de demande de wifi \u00ab\u00a0colloques\u00a0\u00bb<\/a><\/li>\n<\/ul>\n","protected":false},"excerpt":{"rendered":"<p>Le r\u00e9seau Wi-Fi colloques est mis \u00e0 disposition des personnes ext\u00e9rieures \u00e0 l&rsquo;Universit\u00e9 ou ne disposant pas de compte rattach\u00e9 \u00e0 la f\u00e9d\u00e9ration d&rsquo;identit\u00e9 RENATER. Il donne l&rsquo;acc\u00e8s uniquement \u00e0 Internet via un portail captif lors d&rsquo;\u00e9v\u00e9nements. Pour vous connecter &hellip; <a href=\"https:\/\/reseau.dsi.universite-paris-saclay.fr\/?page_id=81\">Continuer la lecture <span class=\"meta-nav\">&rarr;<\/span><\/a><\/p>\n","protected":false},"author":1,"featured_media":0,"parent":25,"menu_order":0,"comment_status":"closed","ping_status":"closed","template":"","meta":{"footnotes":""},"class_list":["post-81","page","type-page","status-publish","hentry"],"_links":{"self":[{"href":"https:\/\/reseau.dsi.universite-paris-saclay.fr\/index.php?rest_route=\/wp\/v2\/pages\/81","targetHints":{"allow":["GET"]}}],"collection":[{"href":"https:\/\/reseau.dsi.universite-paris-saclay.fr\/index.php?rest_route=\/wp\/v2\/pages"}],"about":[{"href":"https:\/\/reseau.dsi.universite-paris-saclay.fr\/index.php?rest_route=\/wp\/v2\/types\/page"}],"author":[{"embeddable":true,"href":"https:\/\/reseau.dsi.universite-paris-saclay.fr\/index.php?rest_route=\/wp\/v2\/users\/1"}],"replies":[{"embeddable":true,"href":"https:\/\/reseau.dsi.universite-paris-saclay.fr\/index.php?rest_route=%2Fwp%2Fv2%2Fcomments&post=81"}],"version-history":[{"count":8,"href":"https:\/\/reseau.dsi.universite-paris-saclay.fr\/index.php?rest_route=\/wp\/v2\/pages\/81\/revisions"}],"predecessor-version":[{"id":486,"href":"https:\/\/reseau.dsi.universite-paris-saclay.fr\/index.php?rest_route=\/wp\/v2\/pages\/81\/revisions\/486"}],"up":[{"embeddable":true,"href":"https:\/\/reseau.dsi.universite-paris-saclay.fr\/index.php?rest_route=\/wp\/v2\/pages\/25"}],"wp:attachment":[{"href":"https:\/\/reseau.dsi.universite-paris-saclay.fr\/index.php?rest_route=%2Fwp%2Fv2%2Fmedia&parent=81"}],"curies":[{"name":"wp","href":"https:\/\/api.w.org\/{rel}","templated":true}]}}