{"id":73,"date":"2017-09-23T23:45:26","date_gmt":"2017-09-23T22:45:26","guid":{"rendered":"http:\/\/hebergement.u-psud.fr\/reseau.di\/?page_id=73"},"modified":"2025-10-24T08:54:07","modified_gmt":"2025-10-24T07:54:07","slug":"visiteurs","status":"publish","type":"page","link":"https:\/\/reseau.dsi.universite-paris-saclay.fr\/?page_id=73","title":{"rendered":"R\u00e9seau Wifi Visiteurs"},"content":{"rendered":"<p>Le r\u00e9seau Wi-Fi <em><strong>visiteurs<\/strong> <\/em>permet la connexion \u00e0 Internet par l\u2019interm\u00e9diaire du r\u00e9seau Wi-Fi de l&rsquo;Universit\u00e9, pour des personnes ext\u00e9rieures \u00e0 l&rsquo;Universit\u00e9 ou ne disposant pas de compte rattach\u00e9 \u00e0 la f\u00e9d\u00e9ration d&rsquo;identit\u00e9 RENATER, via un portail captif.<\/p>\n<p>Si vous souhaitez disposer du r\u00e9seau Wi-Fi <strong><em>visiteurs <\/em><\/strong>dans votre b\u00e2timent, et que vous disposez d\u00e9j\u00e0 de droits de correspondant annuaire ou informatique pour votre entit\u00e9, vous trouverez ci-dessous le formulaire \u00e0 compl\u00e9ter pour en demander la mise en place :<\/p>\n<ul>\n<li><a href=\"http:\/\/reseau.dsi.universite-paris-saclay.fr\/wp-content\/uploads\/2023\/05\/formulaire_wifi_visiteurs.pdf\" target=\"_blank\" rel=\"noopener\">Formulaire de demande de WiFi \u00ab\u00a0visiteurs\u00a0\u00bb<\/a><\/li>\n<\/ul>\n<p>Pour vous connecter au r\u00e9seau Wi-Fi <strong><em>visiteurs<\/em><\/strong>, merci d&rsquo;utiliser les proc\u00e9dures ci-dessous :<\/p>\n<ul>\n<li><a href=\"https:\/\/reseau.dsi.universite-paris-saclay.fr\/wp-content\/uploads\/2025\/10\/procedure_wifi_visiteur-francais.pdf\">Proc\u00e9dure d&rsquo;acc\u00e8s au r\u00e9seau wifi \u00ab\u00a0visiteurs\u00a0\u00bb<\/a><\/li>\n<li><a href=\"https:\/\/reseau.dsi.universite-paris-saclay.fr\/wp-content\/uploads\/2025\/10\/procedure_wifi_visiteur-english.pdf\">Proc\u00e9dure d&rsquo;acc\u00e8s au r\u00e9seau wifi \u00ab\u00a0visiteurs\u00a0\u00bb (en anglais)<\/a><\/li>\n<\/ul>\n\n\n<p><\/p>\n","protected":false},"excerpt":{"rendered":"<p>Le r\u00e9seau Wi-Fi visiteurs permet la connexion \u00e0 Internet par l\u2019interm\u00e9diaire du r\u00e9seau Wi-Fi de l&rsquo;Universit\u00e9, pour des personnes ext\u00e9rieures \u00e0 l&rsquo;Universit\u00e9 ou ne disposant pas de compte rattach\u00e9 \u00e0 la f\u00e9d\u00e9ration d&rsquo;identit\u00e9 RENATER, via un portail captif. Si vous &hellip; <a href=\"https:\/\/reseau.dsi.universite-paris-saclay.fr\/?page_id=73\">Continuer la lecture <span class=\"meta-nav\">&rarr;<\/span><\/a><\/p>\n","protected":false},"author":1,"featured_media":0,"parent":25,"menu_order":0,"comment_status":"closed","ping_status":"closed","template":"","meta":{"footnotes":""},"class_list":["post-73","page","type-page","status-publish","hentry"],"_links":{"self":[{"href":"https:\/\/reseau.dsi.universite-paris-saclay.fr\/index.php?rest_route=\/wp\/v2\/pages\/73","targetHints":{"allow":["GET"]}}],"collection":[{"href":"https:\/\/reseau.dsi.universite-paris-saclay.fr\/index.php?rest_route=\/wp\/v2\/pages"}],"about":[{"href":"https:\/\/reseau.dsi.universite-paris-saclay.fr\/index.php?rest_route=\/wp\/v2\/types\/page"}],"author":[{"embeddable":true,"href":"https:\/\/reseau.dsi.universite-paris-saclay.fr\/index.php?rest_route=\/wp\/v2\/users\/1"}],"replies":[{"embeddable":true,"href":"https:\/\/reseau.dsi.universite-paris-saclay.fr\/index.php?rest_route=%2Fwp%2Fv2%2Fcomments&post=73"}],"version-history":[{"count":11,"href":"https:\/\/reseau.dsi.universite-paris-saclay.fr\/index.php?rest_route=\/wp\/v2\/pages\/73\/revisions"}],"predecessor-version":[{"id":483,"href":"https:\/\/reseau.dsi.universite-paris-saclay.fr\/index.php?rest_route=\/wp\/v2\/pages\/73\/revisions\/483"}],"up":[{"embeddable":true,"href":"https:\/\/reseau.dsi.universite-paris-saclay.fr\/index.php?rest_route=\/wp\/v2\/pages\/25"}],"wp:attachment":[{"href":"https:\/\/reseau.dsi.universite-paris-saclay.fr\/index.php?rest_route=%2Fwp%2Fv2%2Fmedia&parent=73"}],"curies":[{"name":"wp","href":"https:\/\/api.w.org\/{rel}","templated":true}]}}