{"id":55,"date":"2017-09-23T21:30:37","date_gmt":"2017-09-23T20:30:37","guid":{"rendered":"http:\/\/hebergement.u-psud.fr\/reseau.di\/?page_id=55"},"modified":"2025-10-23T15:07:53","modified_gmt":"2025-10-23T14:07:53","slug":"eduspot","status":"publish","type":"page","link":"https:\/\/reseau.dsi.universite-paris-saclay.fr\/?page_id=55","title":{"rendered":"R\u00e9seau Wifi Eduspot"},"content":{"rendered":"<p><a href=\"\/wp-content\/uploads\/2017\/09\/eduspot.jpg\"><img loading=\"lazy\" decoding=\"async\" class=\"alignnone wp-image-59 size-full\" src=\"http:\/\/reseau.dsi.universite-paris-saclay.fr\/wp-content\/uploads\/2017\/09\/eduspot.jpg\" alt=\"\" width=\"200\" height=\"101\" \/><\/a>Le service eduspot vise \u00e0 offrir un acc\u00e8s WiFi par portail captif \u00e0 l&rsquo;Internet, aux \u00e9tudiants, et \u00e9ventuellement aux personnels, des \u00e9tablissements d&rsquo;enseignement sup\u00e9rieur et de recherche lors de leurs d\u00e9placements dans un \u00e9tablissement membre d&rsquo;eduspot.<\/p>\n<p>Cela signifie que les utilisateurs de l&rsquo;Universit\u00e9 Paris-Saclay peuvent, lorsqu&rsquo;ils sont en d\u00e9placement sur un site (universit\u00e9, institut de recherche) faisant \u00e9galement partie du projet eduspot, se connecter au r\u00e9seau wifi du site en utilisant leurs identifiants Adonis (prenom.nom), comme s&rsquo;ils \u00e9taient sur le r\u00e9seau WiFi de l&rsquo;Universit\u00e9 Paris-Saclay.<\/p>\n<p><strong>Ce r\u00e9seau \u00e9tant peu s\u00e9curis\u00e9, il est facile \u00e0 un utilisateur malveillant d&rsquo;intercepter vos communications (hormis les flux s\u00e9curis\u00e9s https(ssl), ssh, &#8230;). Il faut donc utiliser ce r\u00e9seau en connaissance de cause. Il est par cons\u00e9quent recommand\u00e9 aux utilisateurs r\u00e9guliers de privil\u00e9gier l&rsquo;utilisation du <a href=\"http:\/\/reseau.dsi.universite-paris-saclay.fr\/?page_id=27\">r\u00e9seau WiFi Eduroam<\/a>.<br \/>\n<\/strong><\/p>\n<p>Toutes les informations concernant le projet eduspot sont disponibles <a href=\"https:\/\/services.renater.fr\/documentation\/eduspot\/index\">ici<\/a>.<\/p>\n<h2>Informations de connexion<\/h2>\n<p>Voici les informations n\u00e9cessaires \u00e0 la configuration de votre ordinateur pour utiliser le r\u00e9seau WiFi eduspot<\/p>\n<ul>\n<li>SSID du r\u00e9seau Wi-Fi : eduspot<\/li>\n<li>Aucune cl\u00e9 WEP\/WPA n\u00e9cessaire<\/li>\n<li>Configurer les param\u00e8tres TCP\/IP de la carte Wi-Fi en automatique (par d\u00e9faut sous Windows)<\/li>\n<li>Dans les navigateurs web, les fen\u00eatres pop-up ne doivent pas \u00eatre bloqu\u00e9es.<\/li>\n<li>Authentification sur portail captif: identifiant (en prenom.nom) et mot de passe.<\/li>\n<\/ul>\n<p>Il est imp\u00e9ratif de laisser la fen\u00eatre d&rsquo;authentification ouverte pendant l&rsquo;utilisation.<\/p>\n<h2>Connexion au r\u00e9seau Eduspot pas \u00e0 pas<\/h2>\n<p>Se connecter sur le r\u00e9seau Wifi <strong>eduspot<\/strong> :<\/p>\n<p><a href=\"https:\/\/reseau.dsi.universite-paris-saclay.fr\/wp-content\/uploads\/2025\/10\/ssid.png\"><img loading=\"lazy\" decoding=\"async\" class=\"alignnone wp-image-474 size-full\" src=\"https:\/\/reseau.dsi.universite-paris-saclay.fr\/wp-content\/uploads\/2025\/10\/ssid.png\" alt=\"\" width=\"205\" height=\"96\" \/><\/a><\/p>\n<p>Une fois la connexion \u00e9tablie, lancer un navigateur web. La fen\u00eatre suivante s&rsquo;affiche, cliquer sur Utilisez vos identifiants institutionnels :<\/p>\n<p><a href=\"https:\/\/reseau.dsi.universite-paris-saclay.fr\/wp-content\/uploads\/2025\/10\/insitu.png\"><img loading=\"lazy\" decoding=\"async\" class=\"alignnone wp-image-473 size-full\" src=\"https:\/\/reseau.dsi.universite-paris-saclay.fr\/wp-content\/uploads\/2025\/10\/insitu.png\" alt=\"\" width=\"665\" height=\"466\" srcset=\"https:\/\/reseau.dsi.universite-paris-saclay.fr\/wp-content\/uploads\/2025\/10\/insitu.png 665w, https:\/\/reseau.dsi.universite-paris-saclay.fr\/wp-content\/uploads\/2025\/10\/insitu-300x210.png 300w\" sizes=\"auto, (max-width: 665px) 100vw, 665px\" \/><\/a><\/p>\n<p>Dans le menu d\u00e9roulant, s\u00e9lectionner Universit\u00e9 Paris-Saclay :<\/p>\n<p><a href=\"https:\/\/reseau.dsi.universite-paris-saclay.fr\/wp-content\/uploads\/2025\/10\/etabl.png\"><img loading=\"lazy\" decoding=\"async\" class=\"alignnone wp-image-471 size-full\" src=\"https:\/\/reseau.dsi.universite-paris-saclay.fr\/wp-content\/uploads\/2025\/10\/etabl.png\" alt=\"\" width=\"618\" height=\"241\" srcset=\"https:\/\/reseau.dsi.universite-paris-saclay.fr\/wp-content\/uploads\/2025\/10\/etabl.png 618w, https:\/\/reseau.dsi.universite-paris-saclay.fr\/wp-content\/uploads\/2025\/10\/etabl-300x117.png 300w\" sizes=\"auto, (max-width: 618px) 100vw, 618px\" \/><\/a><\/p>\n<p>Dans la fen\u00eatre d&rsquo;Authentification Centralis\u00e9e, dans Identifiant entrer prenom.nom et dans Mot de passe, le mot de passe associ\u00e9 dans Adonis, cliquer sur Se connecter :<\/p>\n<p><a href=\"https:\/\/reseau.dsi.universite-paris-saclay.fr\/wp-content\/uploads\/2025\/10\/connexion.png\"><img loading=\"lazy\" decoding=\"async\" class=\"alignnone wp-image-470 size-full\" src=\"https:\/\/reseau.dsi.universite-paris-saclay.fr\/wp-content\/uploads\/2025\/10\/connexion.png\" alt=\"\" width=\"1005\" height=\"694\" srcset=\"https:\/\/reseau.dsi.universite-paris-saclay.fr\/wp-content\/uploads\/2025\/10\/connexion.png 1005w, https:\/\/reseau.dsi.universite-paris-saclay.fr\/wp-content\/uploads\/2025\/10\/connexion-300x207.png 300w, https:\/\/reseau.dsi.universite-paris-saclay.fr\/wp-content\/uploads\/2025\/10\/connexion-768x530.png 768w\" sizes=\"auto, (max-width: 1005px) 100vw, 1005px\" \/><\/a><\/p>\n<p>Si un message d&rsquo;erreur faisant r\u00e9f\u00e9rence \u00e0 un probl\u00e8me de certificat appara\u00eet, ne pas en tenir en compte et continuer la proc\u00e9dure de connexion. La fen\u00eatre suivant doit s&rsquo;afficher, cliquer sur \u00ab\u00a0Cliquez ici pour acc\u00e9der \u00e0 la page demand\u00e9e\u00a0\u00bb pour acc\u00e9der \u00e0 Internet :<\/p>\n<p><a href=\"https:\/\/reseau.dsi.universite-paris-saclay.fr\/wp-content\/uploads\/2025\/10\/fini.png\"><img loading=\"lazy\" decoding=\"async\" class=\"alignnone wp-image-472 size-full\" src=\"https:\/\/reseau.dsi.universite-paris-saclay.fr\/wp-content\/uploads\/2025\/10\/fini.png\" alt=\"\" width=\"712\" height=\"752\" srcset=\"https:\/\/reseau.dsi.universite-paris-saclay.fr\/wp-content\/uploads\/2025\/10\/fini.png 712w, https:\/\/reseau.dsi.universite-paris-saclay.fr\/wp-content\/uploads\/2025\/10\/fini-284x300.png 284w\" sizes=\"auto, (max-width: 712px) 100vw, 712px\" \/><\/a><\/p>\n<h2>Autorisations<\/h2>\n<p>Une fois l&rsquo;authentification r\u00e9ussie, les flux autoris\u00e9s en sortie sont les suivants:<\/p>\n<ul>\n<li>HTTP \/ HTTPS<\/li>\n<li>FTP (mode Actif)<\/li>\n<li>SSH<\/li>\n<li>VPN<\/li>\n<li>SMTP uniquement vers smtp.u-psud.fr<\/li>\n<li>SMTPS<\/li>\n<li>POP3 \/ POP3S \/ IMAP \/ IMAPS<\/li>\n<\/ul>\n","protected":false},"excerpt":{"rendered":"<p>Le service eduspot vise \u00e0 offrir un acc\u00e8s WiFi par portail captif \u00e0 l&rsquo;Internet, aux \u00e9tudiants, et \u00e9ventuellement aux personnels, des \u00e9tablissements d&rsquo;enseignement sup\u00e9rieur et de recherche lors de leurs d\u00e9placements dans un \u00e9tablissement membre d&rsquo;eduspot. Cela signifie que les &hellip; <a href=\"https:\/\/reseau.dsi.universite-paris-saclay.fr\/?page_id=55\">Continuer la lecture <span class=\"meta-nav\">&rarr;<\/span><\/a><\/p>\n","protected":false},"author":1,"featured_media":0,"parent":25,"menu_order":0,"comment_status":"closed","ping_status":"closed","template":"","meta":{"footnotes":""},"class_list":["post-55","page","type-page","status-publish","hentry"],"_links":{"self":[{"href":"https:\/\/reseau.dsi.universite-paris-saclay.fr\/index.php?rest_route=\/wp\/v2\/pages\/55","targetHints":{"allow":["GET"]}}],"collection":[{"href":"https:\/\/reseau.dsi.universite-paris-saclay.fr\/index.php?rest_route=\/wp\/v2\/pages"}],"about":[{"href":"https:\/\/reseau.dsi.universite-paris-saclay.fr\/index.php?rest_route=\/wp\/v2\/types\/page"}],"author":[{"embeddable":true,"href":"https:\/\/reseau.dsi.universite-paris-saclay.fr\/index.php?rest_route=\/wp\/v2\/users\/1"}],"replies":[{"embeddable":true,"href":"https:\/\/reseau.dsi.universite-paris-saclay.fr\/index.php?rest_route=%2Fwp%2Fv2%2Fcomments&post=55"}],"version-history":[{"count":11,"href":"https:\/\/reseau.dsi.universite-paris-saclay.fr\/index.php?rest_route=\/wp\/v2\/pages\/55\/revisions"}],"predecessor-version":[{"id":477,"href":"https:\/\/reseau.dsi.universite-paris-saclay.fr\/index.php?rest_route=\/wp\/v2\/pages\/55\/revisions\/477"}],"up":[{"embeddable":true,"href":"https:\/\/reseau.dsi.universite-paris-saclay.fr\/index.php?rest_route=\/wp\/v2\/pages\/25"}],"wp:attachment":[{"href":"https:\/\/reseau.dsi.universite-paris-saclay.fr\/index.php?rest_route=%2Fwp%2Fv2%2Fmedia&parent=55"}],"curies":[{"name":"wp","href":"https:\/\/api.w.org\/{rel}","templated":true}]}}