{"id":357,"date":"2024-06-10T09:35:56","date_gmt":"2024-06-10T08:35:56","guid":{"rendered":"http:\/\/reseau.dsi.universite-paris-saclay.fr\/?page_id=357"},"modified":"2024-06-10T09:52:50","modified_gmt":"2024-06-10T08:52:50","slug":"travaux-courant-faible","status":"publish","type":"page","link":"https:\/\/reseau.dsi.universite-paris-saclay.fr\/?page_id=357","title":{"rendered":"Travaux courant faible"},"content":{"rendered":"\n<p>Le p\u00f4le r\u00e9seaux est responsable du march\u00e9 de travaux courant faible de l&rsquo;Universit\u00e9. Celui-ci est constitu\u00e9 de deux lots : travaux cuivre et travaux fibre. <\/p>\n\n\n\n<p>Pour faire une demande de travaux, merci de bien vouloir t\u00e9l\u00e9charger et compl\u00e9ter de la mani\u00e8re la plus exhaustive possible le formulaire suivant :<\/p>\n\n\n\n<p><a href=\"http:\/\/reseau.dsi.universite-paris-saclay.fr\/wp-content\/uploads\/2024\/06\/Universite-Paris-Saclay-Demande-de-travaux-sur-le-reseau-informatique.docx\" data-type=\"attachment\" data-id=\"360\">T\u00e9l\u00e9charger le formulaire de demande de travaux<\/a><\/p>\n\n\n\n<p>et le transmettre par ticket sur la plate-forme https:\/\/sos.dsi.universite-paris-saclay.fr ou \u00e0 l&rsquo;adresse travaux.cfa@universite-paris-saclay.fr en cas de difficult\u00e9. <\/p>\n\n\n\n<p>Le devis vous sera transmis par retour, \u00e9ventuellement apr\u00e8s visite sur place, et il faudra transmettre le bon de commande en retour dans le suivi de dossier.<\/p>\n","protected":false},"excerpt":{"rendered":"<p>Le p\u00f4le r\u00e9seaux est responsable du march\u00e9 de travaux courant faible de l&rsquo;Universit\u00e9. Celui-ci est constitu\u00e9 de deux lots : travaux cuivre et travaux fibre. Pour faire une demande de travaux, merci de bien vouloir t\u00e9l\u00e9charger et compl\u00e9ter de la &hellip; <a href=\"https:\/\/reseau.dsi.universite-paris-saclay.fr\/?page_id=357\">Continuer la lecture <span class=\"meta-nav\">&rarr;<\/span><\/a><\/p>\n","protected":false},"author":1,"featured_media":0,"parent":94,"menu_order":0,"comment_status":"closed","ping_status":"closed","template":"","meta":{"footnotes":""},"class_list":["post-357","page","type-page","status-publish","hentry"],"_links":{"self":[{"href":"https:\/\/reseau.dsi.universite-paris-saclay.fr\/index.php?rest_route=\/wp\/v2\/pages\/357","targetHints":{"allow":["GET"]}}],"collection":[{"href":"https:\/\/reseau.dsi.universite-paris-saclay.fr\/index.php?rest_route=\/wp\/v2\/pages"}],"about":[{"href":"https:\/\/reseau.dsi.universite-paris-saclay.fr\/index.php?rest_route=\/wp\/v2\/types\/page"}],"author":[{"embeddable":true,"href":"https:\/\/reseau.dsi.universite-paris-saclay.fr\/index.php?rest_route=\/wp\/v2\/users\/1"}],"replies":[{"embeddable":true,"href":"https:\/\/reseau.dsi.universite-paris-saclay.fr\/index.php?rest_route=%2Fwp%2Fv2%2Fcomments&post=357"}],"version-history":[{"count":3,"href":"https:\/\/reseau.dsi.universite-paris-saclay.fr\/index.php?rest_route=\/wp\/v2\/pages\/357\/revisions"}],"predecessor-version":[{"id":364,"href":"https:\/\/reseau.dsi.universite-paris-saclay.fr\/index.php?rest_route=\/wp\/v2\/pages\/357\/revisions\/364"}],"up":[{"embeddable":true,"href":"https:\/\/reseau.dsi.universite-paris-saclay.fr\/index.php?rest_route=\/wp\/v2\/pages\/94"}],"wp:attachment":[{"href":"https:\/\/reseau.dsi.universite-paris-saclay.fr\/index.php?rest_route=%2Fwp%2Fv2%2Fmedia&parent=357"}],"curies":[{"name":"wp","href":"https:\/\/api.w.org\/{rel}","templated":true}]}}