{"id":273,"date":"2022-05-27T17:24:20","date_gmt":"2022-05-27T16:24:20","guid":{"rendered":"http:\/\/reseau.dsi.universite-paris-saclay.fr\/?page_id=273"},"modified":"2026-02-05T11:15:28","modified_gmt":"2026-02-05T10:15:28","slug":"cisco-jabber-telephone-logiciel-softphone","status":"publish","type":"page","link":"https:\/\/reseau.dsi.universite-paris-saclay.fr\/?page_id=273","title":{"rendered":"Cisco Jabber (Softphone)"},"content":{"rendered":"\n<p>Ce service vous permet de t\u00e9l\u00e9phoner et de recevoir des appels avec votre ordinateur professionnel en utilisant le syst\u00e8me de t\u00e9l\u00e9phonie num\u00e9rique de l\u2019Universit\u00e9. Ce service est uniquement propos\u00e9 \u00e0 toute personne qui utilise le r\u00e9seau g\u00e9r\u00e9 par l&rsquo;Universit\u00e9 Paris-Saclay.<\/p>\n\n\n\n<p><strong>Acc\u00e8s au service<\/strong><\/p>\n\n\n\n<ul class=\"wp-block-list\">\n<li>Si vous \u00eates un utilisateur, vous devez vous rapprocher de votre service informatique de proximit\u00e9.<\/li>\n\n\n\n<li>Si vous \u00eates un informaticien, vous pouvez faire la demande de gestion aupr\u00e8s de la DSI si votre r\u00e9seau est rattach\u00e9 \u00e0 celui de l&rsquo;Universit\u00e9 Paris-Saclay.<\/li>\n<\/ul>\n\n\n\n<p><strong>Mat\u00e9riel<\/strong><br>Actuellement Jabber peut \u00eatre utilis\u00e9 sur Windows et Mac.<br>Il fonctionne avec un casque audio ou enceinte + micro. Si l&rsquo;ordinateur est muni d&rsquo;une cam\u00e9ra, les personnes peuvent se voir (de jabber \u00e0 jabber ou jabber a un cisco fixe avec cam\u00e9ra)<br>pour deux personnes maximum (Ce n&rsquo;est pas de la visio, il faut le voir plut\u00f4t comme un t\u00e9l\u00e9phone \u00e9volu\u00e9 sur PC).<\/p>\n\n\n\n<p><strong>Client Jabber<\/strong><br>L&rsquo;installation du logiciel est tr\u00e8s facile et il n&rsquo;y a aucun param\u00e9trage \u00e0 faire. <\/p>\n\n\n\n<p>Si vous \u00eates un correspondant d&rsquo;une composante : l&rsquo;installation se fait avec Landesk. Pour les autres entit\u00e9s, vous pouvez t\u00e9l\u00e9charger les paquets d&rsquo;installation ici :<\/p>\n\n\n\n<p><a href=\"http:\/\/jabber.dsi.universite-paris-saclay.fr\/jabber-mac.pkg\">Install MAC<\/a><\/p>\n\n\n\n<p><a href=\"http:\/\/jabber.dsi.universite-paris-saclay.fr\/jabber-win.zip\">Install Windows<\/a><\/p>\n\n\n\n<p><strong>Gestion des comptes Jabber<\/strong><br>La gestion se fait avec Adonis par le correspondant annuaire.<br>Dans l&rsquo;onglet \u00ab\u00a0t\u00e9l\u00e9phone\u00a0\u00bb, vous trouverez un onglet \u00ab\u00a0Migration vers un t\u00e9l\u00e9phone logiciel\u00a0\u00bb<br>(Une personne peut avoir soit Jabber soit un t\u00e9l\u00e9phone fixe)<\/p>\n\n\n\n<p>Pour des raisons de s\u00e9curit\u00e9, Jabber ne fonctionne pas avec des comptes g\u00e9n\u00e9riques, et les t\u00e9l\u00e9phones logiciels doivent \u00eatre obligatoirement li\u00e9s \u00e0 un compte utilisateur.<\/p>\n\n\n\n<p><strong>Guide d&rsquo;utilisation<\/strong><br>Le guide d&rsquo;utilisation se trouve sur <a href=\"https:\/\/services-numeriques.universite-paris-saclay.fr\/HEAT\/Modules\/SelfService\/#knowledgeBase\/view\/FF95B67727314E349D91AB3D57DF2DE5\" data-type=\"link\" data-id=\"https:\/\/services-numeriques.universite-paris-saclay.fr\/HEAT\/Modules\/SelfService\/#knowledgeBase\/view\/FF95B67727314E349D91AB3D57DF2DE5\">le portail des services num\u00e9riques de l&rsquo;Universit\u00e9<\/a><\/p>\n\n\n\n<p><\/p>\n","protected":false},"excerpt":{"rendered":"<p>Ce service vous permet de t\u00e9l\u00e9phoner et de recevoir des appels avec votre ordinateur professionnel en utilisant le syst\u00e8me de t\u00e9l\u00e9phonie num\u00e9rique de l\u2019Universit\u00e9. Ce service est uniquement propos\u00e9 \u00e0 toute personne qui utilise le r\u00e9seau g\u00e9r\u00e9 par l&rsquo;Universit\u00e9 Paris-Saclay. &hellip; <a href=\"https:\/\/reseau.dsi.universite-paris-saclay.fr\/?page_id=273\">Continuer la lecture <span class=\"meta-nav\">&rarr;<\/span><\/a><\/p>\n","protected":false},"author":1,"featured_media":0,"parent":97,"menu_order":2,"comment_status":"closed","ping_status":"closed","template":"","meta":{"footnotes":""},"class_list":["post-273","page","type-page","status-publish","hentry"],"_links":{"self":[{"href":"https:\/\/reseau.dsi.universite-paris-saclay.fr\/index.php?rest_route=\/wp\/v2\/pages\/273","targetHints":{"allow":["GET"]}}],"collection":[{"href":"https:\/\/reseau.dsi.universite-paris-saclay.fr\/index.php?rest_route=\/wp\/v2\/pages"}],"about":[{"href":"https:\/\/reseau.dsi.universite-paris-saclay.fr\/index.php?rest_route=\/wp\/v2\/types\/page"}],"author":[{"embeddable":true,"href":"https:\/\/reseau.dsi.universite-paris-saclay.fr\/index.php?rest_route=\/wp\/v2\/users\/1"}],"replies":[{"embeddable":true,"href":"https:\/\/reseau.dsi.universite-paris-saclay.fr\/index.php?rest_route=%2Fwp%2Fv2%2Fcomments&post=273"}],"version-history":[{"count":9,"href":"https:\/\/reseau.dsi.universite-paris-saclay.fr\/index.php?rest_route=\/wp\/v2\/pages\/273\/revisions"}],"predecessor-version":[{"id":494,"href":"https:\/\/reseau.dsi.universite-paris-saclay.fr\/index.php?rest_route=\/wp\/v2\/pages\/273\/revisions\/494"}],"up":[{"embeddable":true,"href":"https:\/\/reseau.dsi.universite-paris-saclay.fr\/index.php?rest_route=\/wp\/v2\/pages\/97"}],"wp:attachment":[{"href":"https:\/\/reseau.dsi.universite-paris-saclay.fr\/index.php?rest_route=%2Fwp%2Fv2%2Fmedia&parent=273"}],"curies":[{"name":"wp","href":"https:\/\/api.w.org\/{rel}","templated":true}]}}