{"id":27,"date":"2017-09-23T16:22:26","date_gmt":"2017-09-23T15:22:26","guid":{"rendered":"http:\/\/hebergement.u-psud.fr\/reseau.di\/?page_id=27"},"modified":"2026-01-23T14:29:42","modified_gmt":"2026-01-23T13:29:42","slug":"eduroam","status":"publish","type":"page","link":"https:\/\/reseau.dsi.universite-paris-saclay.fr\/?page_id=27","title":{"rendered":"R\u00e9seau Wifi Eduroam"},"content":{"rendered":"<p><a href=\"http:\/\/reseau.dsi.universite-paris-saclay.fr\/wp-content\/uploads\/2017\/09\/eduroam.jpg\"><img loading=\"lazy\" decoding=\"async\" class=\"alignnone wp-image-67 size-full\" src=\"http:\/\/reseau.dsi.universite-paris-saclay.fr\/wp-content\/uploads\/2017\/09\/eduroam.jpg\" alt=\"\" width=\"200\" height=\"76\" \/><\/a>Le service <strong>eduroam<\/strong> vise \u00e0 offrir un acc\u00e8s sans fil s\u00e9curis\u00e9 \u00e0 l\u2019Internet, aux personnels et \u00e9tudiants des \u00e9tablissements d\u2019enseignement sup\u00e9rieur et de recherche lors de leurs d\u00e9placements dans un \u00e9tablissement membre d\u2019<strong>eduroam<\/strong>. Il couvre la plupart des pays d\u2019Europe et quelques pays d\u2019Asie\/Pacifique. Plus d&rsquo;informations sont disponibles sur <a class=\"customize-unpreviewable\" href=\"http:\/\/www.eduroam.org\">http:\/\/www.eduroam.org<\/a>. Les informations concernant la partie fran\u00e7aise du projet dont fait partie l&rsquo;Universit\u00e9 Paris-Sud sont disponibles <a href=\"http:\/\/www.eduroam.fr\">ici<\/a>.<\/p>\n<p>Les utilisateurs d\u2019un \u00e9tablissement membre du projet disposent d\u2019un acc\u00e8s s\u00e9curis\u00e9 chiffr\u00e9 \u00e0 Internet depuis le r\u00e9seau sans fil de tous \u00e9tablissement membres d\u2019<strong>eduroam<\/strong> et ceci en utilisant leur identifiant et mot de passe habituels.<\/p>\n<p>Cela signifie que les utilisateurs de l\u2019Universit\u00e9 Paris-Saclay pourront, lorsqu\u2019ils seront en d\u00e9placement sur un site (universit\u00e9, institut de recherche) faisant \u00e9galement partie du projet eduroam, se connecter au r\u00e9seau wifi du site en utilisant leur identifiant <em>prenom.nom@universite-paris-saclay.fr<\/em>, comme s\u2019ils \u00e9taient sur le r\u00e9seau WiFi de l\u2019Universit\u00e9 Paris-Saclay.<\/p>\n<h1>Autorisations sur le r\u00e9seau Eduroam<\/h1>\n<p>Une fois l\u2019authentification r\u00e9ussie, les flux autoris\u00e9s en sortie sont les suivants:<\/p>\n<ul>\n<li>HTTP \/ HTTPS<\/li>\n<li>FTP (mode Actif)<\/li>\n<li>SSH<\/li>\n<li>SMTP uniquement vers smtp.u-psud.fr<\/li>\n<li>Submission (smtp\/auth)<\/li>\n<li>POP3 \/ POP3S \/ IMAP \/ IMAPS<\/li>\n<li>IPSec (ESP, AH, IKE)<\/li>\n<li>OpenVPN<\/li>\n<\/ul>\n\n\n<h1 class=\"wp-block-heading\">Configuration automatique du poste client<\/h1>\n\n\n\n<h2 class=\"wp-block-heading\">geteduroam<\/h2>\n\n\n\n<p>Pour les terminaux Windows et mobiles (t\u00e9l\u00e9phones et tablettes Android et iOS), il est recommand\u00e9 d&rsquo;utiliser l&rsquo;application de configuration automatique <strong>geteduroam<\/strong>. Celle-ci est d\u00e9j\u00e0 pr\u00e9-install\u00e9e sur les postes Windows du parc de la DSI.<\/p>\n\n\n\n<p>Ci-dessous des proc\u00e9dures illustr\u00e9es :<\/p>\n\n\n\n<ul class=\"wp-block-list\">\n<li><a href=\"http:\/\/reseau.dsi.universite-paris-saclay.fr\/wp-content\/uploads\/2024\/03\/Eduroam-Windows.pdf\" data-type=\"attachment\" data-id=\"339\" target=\"_blank\" rel=\"noreferrer noopener\">Pour les postes Windows<\/a><\/li>\n\n\n\n<li><a href=\"http:\/\/reseau.dsi.universite-paris-saclay.fr\/wp-content\/uploads\/2024\/03\/Eduroam-Mobile.pdf\" data-type=\"attachment\" data-id=\"338\" target=\"_blank\" rel=\"noreferrer noopener\">Pour les terminaux mobiles<\/a><\/li>\n<\/ul>\n\n\n\n<h2 class=\"wp-block-heading\">eduroam CAT<\/h2>\n\n\n\n<p>Pour les autres types de terminaux, vous pouvez utiliser l&rsquo;application <strong>eduroam CAT<\/strong> disponible \u00e0 l&rsquo;adresse : <a href=\"https:\/\/cat.eduroam.org\">https:\/\/cat.eduroam.org<\/a> :<\/p>\n\n\n\n<ul class=\"wp-block-list\">\n<li>Cliquez sur \u00ab T\u00e9l\u00e9charger votre installateur eduroam \u00bb<\/li>\n\n\n\n<li>S\u00e9lectionnez votre \u00e9tablissement<\/li>\n\n\n\n<li>S\u00e9lectionnez ensuite votre syst\u00e8me d\u2019exploitation, installez le profil, acceptez l\u2019autorit\u00e9 de certification et fournissez vos identifiants sous la forme <strong>prenom.nom@universite-paris-saclay.fr<\/strong>, et le mot de passe associ\u00e9.<\/li>\n<\/ul>\n\n\n\n<p>Proc\u00e9dure pour les clients macOS : <a href=\"http:\/\/reseau.dsi.universite-paris-saclay.fr\/wp-content\/uploads\/2024\/03\/Eduroam-macOS.pdf\" data-type=\"attachment\" data-id=\"347\" target=\"_blank\" rel=\"noreferrer noopener\">Eduroam-macOS<\/a><\/p>\n\n\n\n<p>NB : L&rsquo;identifiant prenom.nom@u-psud.fr reste utilisable mais il est recommand\u00e9 de basculer sur le nouvel identifiant @universite-paris-saclay.fr en pr\u00e9vision de l&rsquo;arr\u00eat futur du domaine u-psud.fr.<\/p>\n","protected":false},"excerpt":{"rendered":"<p>Le service eduroam vise \u00e0 offrir un acc\u00e8s sans fil s\u00e9curis\u00e9 \u00e0 l\u2019Internet, aux personnels et \u00e9tudiants des \u00e9tablissements d\u2019enseignement sup\u00e9rieur et de recherche lors de leurs d\u00e9placements dans un \u00e9tablissement membre d\u2019eduroam. Il couvre la plupart des pays d\u2019Europe &hellip; <a href=\"https:\/\/reseau.dsi.universite-paris-saclay.fr\/?page_id=27\">Continuer la lecture <span class=\"meta-nav\">&rarr;<\/span><\/a><\/p>\n","protected":false},"author":1,"featured_media":0,"parent":25,"menu_order":0,"comment_status":"closed","ping_status":"closed","template":"","meta":{"footnotes":""},"class_list":["post-27","page","type-page","status-publish","hentry"],"_links":{"self":[{"href":"https:\/\/reseau.dsi.universite-paris-saclay.fr\/index.php?rest_route=\/wp\/v2\/pages\/27","targetHints":{"allow":["GET"]}}],"collection":[{"href":"https:\/\/reseau.dsi.universite-paris-saclay.fr\/index.php?rest_route=\/wp\/v2\/pages"}],"about":[{"href":"https:\/\/reseau.dsi.universite-paris-saclay.fr\/index.php?rest_route=\/wp\/v2\/types\/page"}],"author":[{"embeddable":true,"href":"https:\/\/reseau.dsi.universite-paris-saclay.fr\/index.php?rest_route=\/wp\/v2\/users\/1"}],"replies":[{"embeddable":true,"href":"https:\/\/reseau.dsi.universite-paris-saclay.fr\/index.php?rest_route=%2Fwp%2Fv2%2Fcomments&post=27"}],"version-history":[{"count":27,"href":"https:\/\/reseau.dsi.universite-paris-saclay.fr\/index.php?rest_route=\/wp\/v2\/pages\/27\/revisions"}],"predecessor-version":[{"id":491,"href":"https:\/\/reseau.dsi.universite-paris-saclay.fr\/index.php?rest_route=\/wp\/v2\/pages\/27\/revisions\/491"}],"up":[{"embeddable":true,"href":"https:\/\/reseau.dsi.universite-paris-saclay.fr\/index.php?rest_route=\/wp\/v2\/pages\/25"}],"wp:attachment":[{"href":"https:\/\/reseau.dsi.universite-paris-saclay.fr\/index.php?rest_route=%2Fwp%2Fv2%2Fmedia&parent=27"}],"curies":[{"name":"wp","href":"https:\/\/api.w.org\/{rel}","templated":true}]}}