{"id":25,"date":"2017-09-23T16:20:41","date_gmt":"2017-09-23T15:20:41","guid":{"rendered":"http:\/\/hebergement.u-psud.fr\/reseau.di\/?page_id=25"},"modified":"2023-11-13T22:31:48","modified_gmt":"2023-11-13T21:31:48","slug":"wi-fi","status":"publish","type":"page","link":"https:\/\/reseau.dsi.universite-paris-saclay.fr\/?page_id=25","title":{"rendered":"Wi-Fi"},"content":{"rendered":"<p>4 r\u00e9seaux Wi-Fi \u00e0 usage g\u00e9n\u00e9ral sont mis \u00e0 disposition dans les b\u00e2timents de l&rsquo;Universit\u00e9 Paris-Saclay :<\/p>\n<ul>\n<li><a href=\"http:\/\/reseau.dsi.universite-paris-saclay.fr\/?page_id=55\">Eduspot<\/a> : bas\u00e9 sur la f\u00e9d\u00e9ration d\u2019identit\u00e9 RENATER, il vous donne l\u2019acc\u00e8s \u00e0 Internet \u00e0 travers un portail captif en utilisant vos identifiants institutionnels.<\/li>\n<li><a href=\"http:\/\/reseau.dsi.universite-paris-saclay.fr\/?page_id=27\">Eduroam<\/a> : bas\u00e9 sur la f\u00e9d\u00e9ration d\u2019identit\u00e9 RENATER, il vous donne l\u2019acc\u00e8s \u00e0 Internet avec une authentification pr\u00e9alable en utilisant vos identifiants institutionnels.<\/li>\n<li><a href=\"http:\/\/reseau.dsi.universite-paris-saclay.fr\/?page_id=73\">Visiteurs <\/a>: avec l\u2019aide d\u2019un mot de passe transmis par le service auquel vous rendez visite, vous pouvez vous inscrire via un portail captif pour b\u00e9n\u00e9ficier d\u2019un acc\u00e8s \u00e0 Internet.<\/li>\n<li><a href=\"http:\/\/reseau.dsi.universite-paris-saclay.fr\/?page_id=81\">Colloques <\/a>: avec l\u2019aide d\u2019un mot de passe transmis par l\u2019organisateur du colloque, vous pouvez vous inscrire via un portail captif pour b\u00e9n\u00e9ficier d\u2019un acc\u00e8s \u00e0 Internet.<\/li>\n<\/ul>\n<p>D\u2019autres r\u00e9seaux Wi-Fi peuvent \u00eatre mis en service pour des besoins sp\u00e9cifiques d\u2019enseignement ou de recherche. Il est notamment possible pour certains services ou laboratoires de b\u00e9n\u00e9ficier :<\/p>\n<ul>\n<li>du service Wi-Fi <em>eduroam <\/em>avec les m\u00eames droits d&rsquo;acc\u00e8s aux ressources informatiques qu&rsquo;en connexion filaire<\/li>\n<li>d&rsquo;un r\u00e9seau d\u00e9di\u00e9 <em>IOT<\/em> pour les tablettes d&rsquo;enseignement, les robots, etc qui n\u00e9cessitent une connexion directe entre p\u00e9riph\u00e9riques Wi-fi, ou des droits d&rsquo;acc\u00e8s sp\u00e9cifiques.<\/li>\n<\/ul>\n<p><a href=\"http:\/\/reseau.dsi.universite-paris-saclay.fr\/?page_id=47\">Cliquez ici<\/a> pour obtenir des informations sur la couverture du r\u00e9seau Wi-Fi.<\/p>\n<h2><strong>R\u00e8gles de bon usage<\/strong><\/h2>\n<h3><strong>Responsabilit\u00e9s<\/strong><\/h3>\n<p>S&rsquo;agissant de l&rsquo;utilisation de dispositifs priv\u00e9s ou n&rsquo;appartenant pas \u00e0 l&rsquo;\u00e9tablissement, l&rsquo;Universit\u00e9 ne pourra en aucun cas \u00eatre tenu pour responsable de leur contenu, de leur usage, des dommages, alt\u00e9rations et pertes de donn\u00e9es qu&rsquo;ils pourraient occasionner ou subir en raison de leur connexion aux r\u00e9seaux informatiques et\/ou \u00e9lectriques de l&rsquo;Universit\u00e9.<\/p>\n<p><strong>Obligations des utilisateurs<\/strong><\/p>\n<ul>\n<li>Etre titulaire des licences logicielles valides n\u00e9cessaires au fonctionnement du poste connect\u00e9.<\/li>\n<li>Maintenir \u00e0 jour au regard de la s\u00e9curit\u00e9 le syst\u00e8me connect\u00e9 (Syst\u00e8me d&rsquo;exploitation, Navigateur, &#8230;).<\/li>\n<li>Activer et maintenir \u00e0 jour un anti-virus sur la machine connect\u00e9e.<\/li>\n<li>Il est interdit de connecter un appareil pr\u00e9sentant un param\u00e9trage r\u00e9seau statique.<\/li>\n<li>D\u00e9sactiver sur le poste \u00e0 connecter toutes les fonctions de bridge et de routage.<\/li>\n<li>Ne pas d\u00e9livrer de services \u00e0 partir du poste connect\u00e9.<\/li>\n<li>Ne pas faire transiter par ce r\u00e9seau des contenus ill\u00e9gaux.<\/li>\n<\/ul>\n<h2><strong>Avertissement<\/strong><\/h2>\n<p>L&rsquo;utilisateur de ces services WiFi reconna\u00eet avoir \u00e9t\u00e9 pr\u00e9venu que des outils de contr\u00f4le tant radio que statistiques ainsi que des traces sont disponibles sur ces r\u00e9seaux et qu&rsquo;il pourra en \u00eatre fait usage pour une exploitation efficace.<\/p>\n<p>L&rsquo;utilisateur du service Wifi reconna\u00eet avoir \u00e9t\u00e9 averti qu&rsquo;un dispositif de traces conforme \u00e0 la loi est activ\u00e9 sur ces r\u00e9seaux. Ces traces sont confidentielles et seules les autorit\u00e9s judiciaires sont habilit\u00e9es \u00e0 faire la demande d&rsquo;extraits aupr\u00e8s du Pr\u00e9sident de l&rsquo;Universit\u00e9.<\/p>\n","protected":false},"excerpt":{"rendered":"<p>4 r\u00e9seaux Wi-Fi \u00e0 usage g\u00e9n\u00e9ral sont mis \u00e0 disposition dans les b\u00e2timents de l&rsquo;Universit\u00e9 Paris-Saclay : Eduspot : bas\u00e9 sur la f\u00e9d\u00e9ration d\u2019identit\u00e9 RENATER, il vous donne l\u2019acc\u00e8s \u00e0 Internet \u00e0 travers un portail captif en utilisant vos identifiants &hellip; <a href=\"https:\/\/reseau.dsi.universite-paris-saclay.fr\/?page_id=25\">Continuer la lecture <span class=\"meta-nav\">&rarr;<\/span><\/a><\/p>\n","protected":false},"author":1,"featured_media":0,"parent":0,"menu_order":0,"comment_status":"closed","ping_status":"closed","template":"","meta":{"footnotes":""},"class_list":["post-25","page","type-page","status-publish","hentry"],"_links":{"self":[{"href":"https:\/\/reseau.dsi.universite-paris-saclay.fr\/index.php?rest_route=\/wp\/v2\/pages\/25","targetHints":{"allow":["GET"]}}],"collection":[{"href":"https:\/\/reseau.dsi.universite-paris-saclay.fr\/index.php?rest_route=\/wp\/v2\/pages"}],"about":[{"href":"https:\/\/reseau.dsi.universite-paris-saclay.fr\/index.php?rest_route=\/wp\/v2\/types\/page"}],"author":[{"embeddable":true,"href":"https:\/\/reseau.dsi.universite-paris-saclay.fr\/index.php?rest_route=\/wp\/v2\/users\/1"}],"replies":[{"embeddable":true,"href":"https:\/\/reseau.dsi.universite-paris-saclay.fr\/index.php?rest_route=%2Fwp%2Fv2%2Fcomments&post=25"}],"version-history":[{"count":15,"href":"https:\/\/reseau.dsi.universite-paris-saclay.fr\/index.php?rest_route=\/wp\/v2\/pages\/25\/revisions"}],"predecessor-version":[{"id":325,"href":"https:\/\/reseau.dsi.universite-paris-saclay.fr\/index.php?rest_route=\/wp\/v2\/pages\/25\/revisions\/325"}],"wp:attachment":[{"href":"https:\/\/reseau.dsi.universite-paris-saclay.fr\/index.php?rest_route=%2Fwp%2Fv2%2Fmedia&parent=25"}],"curies":[{"name":"wp","href":"https:\/\/api.w.org\/{rel}","templated":true}]}}