{"id":220,"date":"2018-04-30T10:39:12","date_gmt":"2018-04-30T09:39:12","guid":{"rendered":"http:\/\/hebergement.u-psud.fr\/reseau.di\/?page_id=220"},"modified":"2022-05-27T20:37:35","modified_gmt":"2022-05-27T19:37:35","slug":"service-de-telephonie-ip","status":"publish","type":"page","link":"https:\/\/reseau.dsi.universite-paris-saclay.fr\/?page_id=220","title":{"rendered":"Service de t\u00e9l\u00e9phonie IP"},"content":{"rendered":"<p>Le service de t\u00e9l\u00e9phonie IP propose :<\/p>\n<ul>\n<li>L&rsquo;utilisation d&rsquo;un terminal t\u00e9l\u00e9phonique fixe, ou d&rsquo;une solution logicielle (Cisco Jabber), avec un num\u00e9ro de ligne<\/li>\n<li>Une messagerie vocale avec r\u00e9ception d&rsquo;un e-mail et \u00e9ventuellement \u00e0 disposition sur le t\u00e9l\u00e9phone.<\/li>\n<\/ul>\n<p>L&rsquo;acc\u00e8s au service doit se faire sur demande aupr\u00e8s de votre correspondant informatique et\/ou annuaire.<\/p>\n","protected":false},"excerpt":{"rendered":"<p>Le service de t\u00e9l\u00e9phonie IP propose : L&rsquo;utilisation d&rsquo;un terminal t\u00e9l\u00e9phonique fixe, ou d&rsquo;une solution logicielle (Cisco Jabber), avec un num\u00e9ro de ligne Une messagerie vocale avec r\u00e9ception d&rsquo;un e-mail et \u00e9ventuellement \u00e0 disposition sur le t\u00e9l\u00e9phone. L&rsquo;acc\u00e8s au service &hellip; <a href=\"https:\/\/reseau.dsi.universite-paris-saclay.fr\/?page_id=220\">Continuer la lecture <span class=\"meta-nav\">&rarr;<\/span><\/a><\/p>\n","protected":false},"author":1,"featured_media":0,"parent":97,"menu_order":0,"comment_status":"closed","ping_status":"closed","template":"","meta":{"footnotes":""},"class_list":["post-220","page","type-page","status-publish","hentry"],"_links":{"self":[{"href":"https:\/\/reseau.dsi.universite-paris-saclay.fr\/index.php?rest_route=\/wp\/v2\/pages\/220","targetHints":{"allow":["GET"]}}],"collection":[{"href":"https:\/\/reseau.dsi.universite-paris-saclay.fr\/index.php?rest_route=\/wp\/v2\/pages"}],"about":[{"href":"https:\/\/reseau.dsi.universite-paris-saclay.fr\/index.php?rest_route=\/wp\/v2\/types\/page"}],"author":[{"embeddable":true,"href":"https:\/\/reseau.dsi.universite-paris-saclay.fr\/index.php?rest_route=\/wp\/v2\/users\/1"}],"replies":[{"embeddable":true,"href":"https:\/\/reseau.dsi.universite-paris-saclay.fr\/index.php?rest_route=%2Fwp%2Fv2%2Fcomments&post=220"}],"version-history":[{"count":2,"href":"https:\/\/reseau.dsi.universite-paris-saclay.fr\/index.php?rest_route=\/wp\/v2\/pages\/220\/revisions"}],"predecessor-version":[{"id":282,"href":"https:\/\/reseau.dsi.universite-paris-saclay.fr\/index.php?rest_route=\/wp\/v2\/pages\/220\/revisions\/282"}],"up":[{"embeddable":true,"href":"https:\/\/reseau.dsi.universite-paris-saclay.fr\/index.php?rest_route=\/wp\/v2\/pages\/97"}],"wp:attachment":[{"href":"https:\/\/reseau.dsi.universite-paris-saclay.fr\/index.php?rest_route=%2Fwp%2Fv2%2Fmedia&parent=220"}],"curies":[{"name":"wp","href":"https:\/\/api.w.org\/{rel}","templated":true}]}}