{"id":104,"date":"2017-09-24T09:38:32","date_gmt":"2017-09-24T08:38:32","guid":{"rendered":"http:\/\/hebergement.u-psud.fr\/reseau.di\/?page_id=104"},"modified":"2024-03-13T12:59:12","modified_gmt":"2024-03-13T11:59:12","slug":"documentations-toip","status":"publish","type":"page","link":"https:\/\/reseau.dsi.universite-paris-saclay.fr\/?page_id=104","title":{"rendered":"Documentations ToIP"},"content":{"rendered":"<p>Vous pouvez trouver ci-dessous la notice d&rsquo;utilisation des t\u00e9l\u00e9phones :<\/p>\n<ul>\n<li><a href=\"\/wp-content\/uploads\/2017\/09\/telephonie_7912.pdf\">Cisco 7912<\/a>\u00a0(obsol\u00e8tes)<\/li>\n<li><a href=\"\/wp-content\/uploads\/2017\/09\/telephonie_7960.pdf\">Cisco s\u00e9rie 7940 et 7960<\/a> (7941, 7942&#8230;)<\/li>\n<li><a href=\"\/wp-content\/uploads\/2017\/09\/telephone-6921-41-61.pdf\">Cisco s\u00e9rie 6900 (6921, 6941, 6961)<\/a><\/li>\n<li><a href=\"\/wp-content\/uploads\/2018\/04\/7800_3PCC_QSG_11_0_1-fr_FR.pdf\">Cisco s\u00e9rie 7800 (7811, 7821, 7845&#8230;)<\/a><\/li>\n<\/ul>\n<p>Vous trouverez ci-dessous la documentation pour :<\/p>\n<ul>\n<li><a href=\"https:\/\/adonis.u-psud.fr\/adonis\/aide\/manuel_pdf\/adonis_utilisateur_telephonie.pdf\">la configuration des t\u00e9l\u00e9phones et de la messagerie vocale<\/a><\/li>\n<li><a href=\"\/wp-content\/uploads\/2017\/09\/telephonie_adonis.pdf\">la fonctionnalit\u00e9 Click-to-call depuis l&rsquo;annuaire (appel automatique)<\/a><\/li>\n<li><a href=\"https:\/\/adonis.u-psud.fr\/adonis\/aide\/manuel_pdf\/adonis_telephones.pdf\">la configuration du service pour les correspondants annuaires<\/a><\/li>\n<\/ul>\n<p>&nbsp;<\/p>\n","protected":false},"excerpt":{"rendered":"<p>Vous pouvez trouver ci-dessous la notice d&rsquo;utilisation des t\u00e9l\u00e9phones : Cisco 7912\u00a0(obsol\u00e8tes) Cisco s\u00e9rie 7940 et 7960 (7941, 7942&#8230;) Cisco s\u00e9rie 6900 (6921, 6941, 6961) Cisco s\u00e9rie 7800 (7811, 7821, 7845&#8230;) Vous trouverez ci-dessous la documentation pour : la configuration &hellip; <a href=\"https:\/\/reseau.dsi.universite-paris-saclay.fr\/?page_id=104\">Continuer la lecture <span class=\"meta-nav\">&rarr;<\/span><\/a><\/p>\n","protected":false},"author":1,"featured_media":0,"parent":97,"menu_order":0,"comment_status":"closed","ping_status":"closed","template":"","meta":{"footnotes":""},"class_list":["post-104","page","type-page","status-publish","hentry"],"_links":{"self":[{"href":"https:\/\/reseau.dsi.universite-paris-saclay.fr\/index.php?rest_route=\/wp\/v2\/pages\/104","targetHints":{"allow":["GET"]}}],"collection":[{"href":"https:\/\/reseau.dsi.universite-paris-saclay.fr\/index.php?rest_route=\/wp\/v2\/pages"}],"about":[{"href":"https:\/\/reseau.dsi.universite-paris-saclay.fr\/index.php?rest_route=\/wp\/v2\/types\/page"}],"author":[{"embeddable":true,"href":"https:\/\/reseau.dsi.universite-paris-saclay.fr\/index.php?rest_route=\/wp\/v2\/users\/1"}],"replies":[{"embeddable":true,"href":"https:\/\/reseau.dsi.universite-paris-saclay.fr\/index.php?rest_route=%2Fwp%2Fv2%2Fcomments&post=104"}],"version-history":[{"count":8,"href":"https:\/\/reseau.dsi.universite-paris-saclay.fr\/index.php?rest_route=\/wp\/v2\/pages\/104\/revisions"}],"predecessor-version":[{"id":344,"href":"https:\/\/reseau.dsi.universite-paris-saclay.fr\/index.php?rest_route=\/wp\/v2\/pages\/104\/revisions\/344"}],"up":[{"embeddable":true,"href":"https:\/\/reseau.dsi.universite-paris-saclay.fr\/index.php?rest_route=\/wp\/v2\/pages\/97"}],"wp:attachment":[{"href":"https:\/\/reseau.dsi.universite-paris-saclay.fr\/index.php?rest_route=%2Fwp%2Fv2%2Fmedia&parent=104"}],"curies":[{"name":"wp","href":"https:\/\/api.w.org\/{rel}","templated":true}]}}